{"id":7146,"date":"2019-10-24T04:41:26","date_gmt":"2019-10-24T03:41:26","guid":{"rendered":"http:\/\/blenderhilfe.de\/?product=blender-2-8-einsteiger-training"},"modified":"2023-07-18T16:35:58","modified_gmt":"2023-07-18T15:35:58","slug":"blender-2-8-einsteiger-training","status":"publish","type":"product","link":"https:\/\/blenderhilfe.de\/?product=blender-2-8-einsteiger-training","title":{"rendered":"Blender Einsteiger Training"},"content":{"rendered":"<p><iframe loading=\"lazy\" title=\"Blender 2.8\/2.9 Einsteiger Training - 38 Tutorials (deutsch\/german)\" width=\"980\" height=\"551\" src=\"https:\/\/www.youtube.com\/embed\/zoc9_dRcvn4?feature=oembed\" frameborder=\"0\" allow=\"accelerometer; autoplay; clipboard-write; encrypted-media; gyroscope; picture-in-picture\" allowfullscreen><\/iframe><\/p>\r\n<h2>Inhalt<\/h2>\r\n\r\n<p><strong>Du kannst einige der ersten Videos kostenlos ansehen!<br><\/strong><\/p>\r\n\r\n\r\n\r\n<h3><strong>A \u2013 Grundlagen \u2013 6 Videos \u2013 1:03 h<\/strong><\/h3>\r\n\r\n\r\n\r\n<figure class=\"wp-block-table\">\r\n<table>\r\n<tbody>\r\n<tr>\r\n<td>Tipps zum erlernen von Blender <a href=\"https:\/\/blenderhilfe.de\/?p=8597\" data-type=\"post\" data-id=\"8597\">(kostenlos ansehen)<\/a><\/td>\r\n<\/tr>\r\n<tr>\r\n<td>Blender installieren <a href=\"https:\/\/blenderhilfe.de\/?p=8610\" data-type=\"post\" data-id=\"8610\">(kostenlos ansehen)<\/a><\/td>\r\n<\/tr>\r\n<tr>\r\n<td>Die Benutzeroberfl\u00e4che <a href=\"https:\/\/blenderhilfe.de\/?p=8613\" data-type=\"post\" data-id=\"8613\">(kostenlos ansehen)<\/a><\/td>\r\n<\/tr>\r\n<tr>\r\n<td>Navigation und Bedienung <a href=\"https:\/\/blenderhilfe.de\/?p=8616\" data-type=\"post\" data-id=\"8616\">(kostenlos ansehen)<\/a><\/td>\r\n<\/tr>\r\n<tr>\r\n<td>Dateien aus fr\u00fcheren Blenderversionen laden <a href=\"https:\/\/blenderhilfe.de\/?p=8619\" data-type=\"post\" data-id=\"8619\">(kostenlos ansehen)<\/a><\/td>\r\n<\/tr>\r\n<tr>\r\n<td>Daten wiederherstellen <a href=\"https:\/\/blenderhilfe.de\/?p=8622\" data-type=\"post\" data-id=\"8622\">(kostenlos ansehen)<\/a><\/td>\r\n<\/tr>\r\n<\/tbody>\r\n<\/table>\r\n<\/figure>\r\n\r\n\r\n\r\n<h3><strong>B \u2013 Modellierung \u2013 10 Videos \u2013 4:21 h<\/strong><\/h3>\r\n\r\n\r\n\r\n<figure class=\"wp-block-table\">\r\n<table>\r\n<tbody>\r\n<tr>\r\n<td>Grundlagen der Modellierung <a href=\"https:\/\/blenderhilfe.de\/?p=8625\" data-type=\"post\" data-id=\"8625\">(kostenlos ansehen)<\/a><\/td>\r\n<\/tr>\r\n<tr>\r\n<td>Dampflok modellieren &#8211; Teil 1 &#8211; die Basis <a href=\"https:\/\/blenderhilfe.de\/?p=8628\" data-type=\"post\" data-id=\"8628\">(kostenlos ansehen)<\/a><\/td>\r\n<\/tr>\r\n<tr>\r\n<td>Dampflok modellieren &#8211; Teil 2 &#8211; weitere Details hinzuf\u00fcgen<\/td>\r\n<\/tr>\r\n<tr>\r\n<td>Landschaft modellieren &#8211; Teil 1 &#8211; Landschaft, Berge und See erstellen<\/td>\r\n<\/tr>\r\n<tr>\r\n<td>Landschaft modellieren &#8211; Teil 2 &#8211; Gleise erstellen &#8211; Prozedurales Modellieren mit Modifiern<\/td>\r\n<\/tr>\r\n<tr>\r\n<td>Pflanzen und B\u00e4ume modellieren &#8211; Teil 1 &#8211; Gras erstellen und auf der Lanschaft verteilen<\/td>\r\n<\/tr>\r\n<tr>\r\n<td>Pflanzen und B\u00e4ume modellieren &#8211; Teil 2 &#8211; Baum erstellen und verteilen<\/td>\r\n<\/tr>\r\n<tr>\r\n<td>Vase modellieren &#8211; \u00dcbung<\/td>\r\n<\/tr>\r\n<tr>\r\n<td>Boolean Modellierung &#8211; \u00dcbung<\/td>\r\n<\/tr>\r\n<tr>\r\n<td>Sculpting Tools &#8211; \u00dcbung<\/td>\r\n<\/tr>\r\n<\/tbody>\r\n<\/table>\r\n<\/figure>\r\n\r\n\r\n\r\n<h3><strong>C \u2013 Shading und Texturierung \u2013 7 Videos \u2013 4:08 h<\/strong><\/h3>\r\n\r\n\r\n\r\n<figure class=\"wp-block-table\">\r\n<table>\r\n<tbody>\r\n<tr>\r\n<td>Shading \u00dcbersicht \u2013 Cycles und Eevee<\/td>\r\n<\/tr>\r\n<tr>\r\n<td>Shading \u00dcbersicht \u2013 Der Principled Shader<\/td>\r\n<\/tr>\r\n<tr>\r\n<td>Dampflok Materialien &#8211; Teil 1 &#8211; Principled-Shading, Texture-Mapping<\/td>\r\n<\/tr>\r\n<tr>\r\n<td>Dampflok Materialien &#8211; Teil 2 &#8211; Bump- und Normalmaps, Metall-Shader<\/td>\r\n<\/tr>\r\n<tr>\r\n<td>Landschaft Materialien &#8211; Teil 1 &#8211; Himmel, Licht, Pflanzen, B\u00e4ume<\/td>\r\n<\/tr>\r\n<tr>\r\n<td>Landschaft Materialien &#8211; Teil 2 &#8211; Multi-Material-Terrain-Shader<\/td>\r\n<\/tr>\r\n<tr>\r\n<td>Landschaft Materialien &#8211; Teil 3 &#8211; Wasser, Steine, Verteilung<\/td>\r\n<\/tr>\r\n<\/tbody>\r\n<\/table>\r\n<\/figure>\r\n\r\n\r\n\r\n<h3><strong>D \u2013 Animation und Simulation \u2013 8 Videos \u2013 4:32 h<\/strong><\/h3>\r\n\r\n\r\n\r\n<figure class=\"wp-block-table\">\r\n<table>\r\n<tbody>\r\n<tr>\r\n<td>Animation &#8211; \u00dcbersicht<\/td>\r\n<\/tr>\r\n<tr>\r\n<td>Animation &#8211; erste \u00dcbung<\/td>\r\n<\/tr>\r\n<tr>\r\n<td>Dampflok Animation &#8211; Parenting, Rigging, Driver<\/td>\r\n<\/tr>\r\n<tr>\r\n<td>Landschaft Animation &#8211; Constraints, Path-Animation, Tracking<\/td>\r\n<\/tr>\r\n<tr>\r\n<td>Simulation &#8211; \u00dcbersicht<\/td>\r\n<\/tr>\r\n<tr>\r\n<td>Smoke Simulation und Volume Shading &#8211; Teil 1 &#8211; Mantaflow Sim. aufsetzen<\/td>\r\n<\/tr>\r\n<tr>\r\n<td>Smoke Simulation und Volume Shading &#8211; Teil 2 &#8211; Anim. Ausstoss &amp; Verfeinerung<\/td>\r\n<\/tr>\r\n<tr>\r\n<td>Partikel Simulation &#8211; die schnellere Variante um Rauch und Dampt zu erzeugen<\/td>\r\n<\/tr>\r\n<\/tbody>\r\n<\/table>\r\n<\/figure>\r\n\r\n\r\n\r\n<h3><strong>E \u2013 Rendering und Compositing \u2013 7 Videos \u2013 2:48 h<\/strong><\/h3>\r\n\r\n\r\n\r\n<figure class=\"wp-block-table\">\r\n<table>\r\n<tbody>\r\n<tr>\r\n<td>Rendering \u00dcbersicht \u2013 Cycles und Eevee<\/td>\r\n<\/tr>\r\n<tr>\r\n<td>Landschaft Tweaks und mehrere verschiedene Kameras einrichten<\/td>\r\n<\/tr>\r\n<tr>\r\n<td>Landschaft Rendering Eevee &#8211; Teil 1 &#8211; Rendereinstellungen, Vorschau des Films erstellen<\/td>\r\n<\/tr>\r\n<tr>\r\n<td>Landschaft Rendering Eevee &#8211; Teil 2 &#8211; alle Kameras zusammenschneiden und Vorschau verbessern<\/td>\r\n<\/tr>\r\n<tr>\r\n<td>Landschaft Videoschnitt &#8211; finales Rendering zusammenschneiden<\/td>\r\n<\/tr>\r\n<tr>\r\n<td>Landschaft Compositing &#8211; Colorgrading und finale Effekte<\/td>\r\n<\/tr>\r\n<tr>\r\n<td>Cycles Renderer &#8211; alternativ das Projekt fotorealistischer in Cycles rendern<\/td>\r\n<\/tr>\r\n<\/tbody>\r\n<\/table>\r\n<\/figure>\r\n\r\n\r\n\r\n\r\n\r\n<h2><strong>Hol dir die komplette Serie, es lohnt sich!<\/strong><\/h2>\r\n\r\n\r\n\r\n<p>Die komplette Serie mit <strong>38 Tutorials (<\/strong><strong>17 Stunden)<\/strong> ist als Download oder DVD verf\u00fcgbar.<\/p>\r\n<p><strong>Tipp:<\/strong> <br>Es gibt auch ein <a href=\"https:\/\/blenderhilfe.de\/?product=bundle-einsteiger-serie-textures-vol1\"><strong>Bundle mit zus\u00e4tzlich 1150 hochqualitativen Texturen<\/strong><\/a><strong>.<\/strong><\/p>\r\n\r\n<p>Im Laufe dieses Trainings lernst du einen kompletten 3D-Animationsfilm von Grund auf zu erstellen. Von der Modellierung und Animation \u00fcber Materialien und Licht bis zum finalen Compositing und Videoschnitt lernst du alles was man braucht. Es sind keine Vorkenntnisse n\u00f6tig, ich erkl\u00e4re alles so das es auch f\u00fcr Einsteiger leicht verst\u00e4ndlich ist, aber auch fortgeschrittene Anf\u00e4nger k\u00f6nnen hier viel wertvolles lernen.<\/p>\r\n<h2><strong>Themen-\u00dcbersicht<\/strong><\/h2>\r\n<ul>\r\n<li>Installation, Grundlagen, Bedienung, Tipps<\/li>\r\n<li>3D Modellierung und Sculpting<\/li>\r\n<li>Materialien, Shading, Texturierung, Beleuchtung<\/li>\r\n<li>Animation und Simulation<\/li>\r\n<li>Rendering mit Eevee und Cycles<\/li>\r\n<li>Compositing (Nachbearbeitungseffekte) und Videoschnitt<\/li>\r\n<\/ul>\r\n<h2><strong>kostenlose Hilfe per Email<\/strong><\/h2>\r\n<p><strong>Wenn du w\u00e4hrend des Trainings Fragen hast oder Hilfe brauchst, stehe ich jederzeit kostenlos per E-Mail zur Verf\u00fcgung! <\/strong> <strong>wenn du Fragen zu Blender, zur Serie oder Bestellung hast <a title=\"Kontakt\" href=\"https:\/\/blenderhilfe.de\/?page_id=126\" target=\"_blank\" rel=\"noopener noreferrer\">schreib mir hier<\/a><\/strong><\/p>","protected":false},"excerpt":{"rendered":"<h4><strong>Das umfangreiche Video-Training f\u00fcr Blender Einsteiger, Umsteiger und Aufsteiger<\/strong><\/h4>\n<p><strong>In diesem Trainings lernst du einen 3D-Animationsfilm komplett selbst zu erstellen, dabei werden alle Grundlagen gut verst\u00e4ndlich vermittelt.<\/strong><\/p>\n<ul>\n<li>38 HD-Video-Tutorials mit 17 Stunden Laufzeit<\/li>\n<li>kompatibel mit Blender Version 2.9 und 3.x<\/li>\n<li>alle ben\u00f6tigten Dateien und Texturen sind enthalten<\/li>\n<li>Blender Tastenkombos-PDF<\/li>\n<li>es sind keine Vorkenntnisse n\u00f6tig<\/li>\n<li>unkomplizierte kostenlose Hilfe per eMail<\/li>\n<li>das Programm Blender 3D ist kostenlos<\/li>\n<\/ul>\n<p><strong>Inhaltsverzeichnis<\/strong> und <strong>einige kostenlose Videos<\/strong> gibts weiter unten.<\/p>\n","protected":false},"featured_media":7149,"comment_status":"open","ping_status":"closed","template":"","meta":{"ngg_post_thumbnail":0},"product_cat":[165],"product_tag":[],"_links":{"self":[{"href":"https:\/\/blenderhilfe.de\/index.php?rest_route=\/wp\/v2\/product\/7146"}],"collection":[{"href":"https:\/\/blenderhilfe.de\/index.php?rest_route=\/wp\/v2\/product"}],"about":[{"href":"https:\/\/blenderhilfe.de\/index.php?rest_route=\/wp\/v2\/types\/product"}],"replies":[{"embeddable":true,"href":"https:\/\/blenderhilfe.de\/index.php?rest_route=%2Fwp%2Fv2%2Fcomments&post=7146"}],"wp:featuredmedia":[{"embeddable":true,"href":"https:\/\/blenderhilfe.de\/index.php?rest_route=\/wp\/v2\/media\/7149"}],"wp:attachment":[{"href":"https:\/\/blenderhilfe.de\/index.php?rest_route=%2Fwp%2Fv2%2Fmedia&parent=7146"}],"wp:term":[{"taxonomy":"product_cat","embeddable":true,"href":"https:\/\/blenderhilfe.de\/index.php?rest_route=%2Fwp%2Fv2%2Fproduct_cat&post=7146"},{"taxonomy":"product_tag","embeddable":true,"href":"https:\/\/blenderhilfe.de\/index.php?rest_route=%2Fwp%2Fv2%2Fproduct_tag&post=7146"}],"curies":[{"name":"wp","href":"https:\/\/api.w.org\/{rel}","templated":true}]}}