{"id":3457,"date":"2014-10-28T20:29:31","date_gmt":"2014-10-28T19:29:31","guid":{"rendered":"http:\/\/blenderhilfe.de\/?post_type=product&#038;p=3457"},"modified":"2022-10-12T12:36:08","modified_gmt":"2022-10-12T11:36:08","slug":"sound-effects-pack-6-wasser","status":"publish","type":"product","link":"https:\/\/blenderhilfe.de\/?product=sound-effects-pack-6-wasser","title":{"rendered":"Sound Effects Pack 6 Wasser"},"content":{"rendered":"<p><iframe loading=\"lazy\" title=\"Sound Effects Pack - 10.000 Sounds f\u00fcr deine Projekte\" width=\"980\" height=\"551\" src=\"https:\/\/www.youtube.com\/embed\/nyXW6sWf--s?feature=oembed\" frameborder=\"0\" allow=\"accelerometer; autoplay; clipboard-write; encrypted-media; gyroscope; picture-in-picture\" allowfullscreen><\/iframe><\/p>\n<h2><strong>Sound Effects Pack 6 &#8211; Wasser<br \/>\n<\/strong><\/h2>\n<p><strong>die Samples liegen jeweils in verschiedenen Variationen vor, um professionelles Vertonen zu erm\u00f6glichen.<\/strong><\/p>\n<h3>Wasser Atmos<\/h3>\n<p>Wassf\u00e4lle, B\u00e4che, Brunnen, Kanal, Wasserrauschen, Rohre, Abwasserkanal, Wellen, Wasserrad, Wasserkraftwerk, u.v.m.<\/p>\n<h3>Splashes<\/h3>\n<p>viele verschiedene glasklare Wasser-Splashes<\/p>\n<h3>\u00dcberwasser<\/h3>\n<p>Blubbern, Tauchen, Plantschen, Tropfen, Gluckern, Rudern<\/p>\n<h3>Unterwasser (yes!)<\/h3>\n<p>Blubbern, Tauchen, Plantschen, Gluckern<\/p>\n<h3>Pumpen, Giessen, Sch\u00f6pfen<\/h3>\n<p>Regentonne, Handpumpe, Blumen giessen<\/p>\n<h3>Eis, Dampf<\/h3>\n<p>diverses Zischen und Knacken, Knarzen, u.s.w.<\/p>\n<h2><strong>Professionelle Qualit\u00e4t<\/strong><\/h2>\n<p>Die Sounds wurden mit professioneller Technik in 24 Bitaufgenommen und produziert. Es wurde sehr viel Wert darauf gelegt das m\u00f6glichst keine Hintergrundger\u00e4usche, kein Rauschen und wenig Hall in den Aufnahmen sind. Du bekommst also professionelle, gut isolierte und starke Sounds mit denen du dir deine eigenen Szenen, Umgebungen und Klangwelten frei zusammenstellen kannst.<br \/>\nDank der 24 Bit Aufl\u00f6sung der WAV-Dateien hast du die M\u00f6glichkeit die Samples in guter Qualit\u00e4t zu pitchen, zu stretchen und perfekt an dein jeweilges Projekt anzupassen.<\/p>\n<h2><strong>weitere Optionen<\/strong><\/h2>\n<ul>\n<li>Es gibt insgesamt 14 einzelne Sound Effects Packs (<a href=\"https:\/\/blenderhilfe.de\/?product_cat=sound-effekte\">alle ansehen<\/a>)<strong><br \/>\n<\/strong><\/li>\n<li>das komplettes BUNDLE mit \u00fcber 10.000 Sounds (<a href=\"https:\/\/blenderhilfe.de\/?product=sound-effects-pack\" target=\"_blank\" rel=\"noopener noreferrer\">ansehen<\/a>)<\/li>\n<li>das Kompakt-Packet mit 1650 Sounds aus allen Packs (<a href=\"https:\/\/blenderhilfe.de\/?product=sound-effects-pack-kompakt-edition\" target=\"_blank\" rel=\"noopener noreferrer\">ansehen<\/a>)<\/li>\n<\/ul>\n","protected":false},"excerpt":{"rendered":"<h4>Wasser Atmos, Splashes, Eis, Dampf, \u00dcberwasser, Unterwasser<\/h4>\n<h3><strong>Ausschnitte anh\u00f6ren<\/strong><\/h3>\n<p><iframe loading=\"lazy\" src=\"https:\/\/w.soundcloud.com\/player\/?url=https%3A\/\/api.soundcloud.com\/tracks\/119330699&amp;auto_play=false&amp;hide_related=false&amp;show_comments=true&amp;show_user=true&amp;show_reposts=false&amp;visual=true\" scrolling=\"no\" width=\"100%\" height=\"110\" frameborder=\"no\"><\/iframe><\/p>\n<h3><strong>2,55 GB &#8211; 375 Audiodateien &#8211; 82 min<\/strong><\/h3>\n<p>dieses Pack wird dir nach dem Kauf als <strong>Download<\/strong> bereitgestellt<\/p>\n","protected":false},"featured_media":4547,"comment_status":"open","ping_status":"closed","template":"","meta":{"ngg_post_thumbnail":0},"product_cat":[166],"product_tag":[],"_links":{"self":[{"href":"https:\/\/blenderhilfe.de\/index.php?rest_route=\/wp\/v2\/product\/3457"}],"collection":[{"href":"https:\/\/blenderhilfe.de\/index.php?rest_route=\/wp\/v2\/product"}],"about":[{"href":"https:\/\/blenderhilfe.de\/index.php?rest_route=\/wp\/v2\/types\/product"}],"replies":[{"embeddable":true,"href":"https:\/\/blenderhilfe.de\/index.php?rest_route=%2Fwp%2Fv2%2Fcomments&post=3457"}],"wp:featuredmedia":[{"embeddable":true,"href":"https:\/\/blenderhilfe.de\/index.php?rest_route=\/wp\/v2\/media\/4547"}],"wp:attachment":[{"href":"https:\/\/blenderhilfe.de\/index.php?rest_route=%2Fwp%2Fv2%2Fmedia&parent=3457"}],"wp:term":[{"taxonomy":"product_cat","embeddable":true,"href":"https:\/\/blenderhilfe.de\/index.php?rest_route=%2Fwp%2Fv2%2Fproduct_cat&post=3457"},{"taxonomy":"product_tag","embeddable":true,"href":"https:\/\/blenderhilfe.de\/index.php?rest_route=%2Fwp%2Fv2%2Fproduct_tag&post=3457"}],"curies":[{"name":"wp","href":"https:\/\/api.w.org\/{rel}","templated":true}]}}