{"id":2417,"date":"2014-08-20T15:47:31","date_gmt":"2014-08-20T14:47:31","guid":{"rendered":"http:\/\/blenderhilfe.de\/?post_type=product&#038;p=2417"},"modified":"2022-10-12T12:39:34","modified_gmt":"2022-10-12T11:39:34","slug":"vertonung-und-sounddesign","status":"publish","type":"product","link":"https:\/\/blenderhilfe.de\/?product=vertonung-und-sounddesign","title":{"rendered":"Vertonung und Sounddesign Tutorialserie"},"content":{"rendered":"<p><iframe loading=\"lazy\" title=\"Vertonung &amp; Sound Design (tutorial audioproduktion deutsch)\" width=\"980\" height=\"551\" src=\"https:\/\/www.youtube.com\/embed\/uHqOEZY-VLQ?feature=oembed\" frameborder=\"0\" allow=\"accelerometer; autoplay; clipboard-write; encrypted-media; gyroscope; picture-in-picture\" allowfullscreen><\/iframe><\/p>\n<p><strong>18 Tutorials = 4,5 Stunden gut strukturiertes Vertonungs Training.<br \/>\nAuch f\u00fcr Audio\/Vertonungs-Einsteiger geeignet.<br \/>\n<\/strong><\/p>\n<p>Verpasse deinen Filmen, Animationen, Videos, Games, oder H\u00f6rspielen einen \u00fcberzeugenden und kreativen Sound!<br \/>\nLerne Projekte kreativ &amp; professionell zu vertonen. Ich zeige an praktischen Beispielen wie man vertont, Sounds kreiert, anpasst, synchronisiert und abmischt.<br \/>\nAusserdem lernst du wie man mit diversen Audioeffekten umgeht.<\/p>\n<h3>Inhalt<\/h3>\n<ul>\n<li>komplette Einf\u00fchrung in die Audio-Produktion<\/li>\n<li>Reaper-Grundlagen, Installation, VSTs<\/li>\n<li>Einsatz und Funktion von Audio-Effekten<\/li>\n<li>Sounddesign (Klanggestaltung)<\/li>\n<li>Vertonen von kreativen Projekten<\/li>\n<li>wertvolle Tipps und Tricks rund um Reaper, Sounddesign und Audioproduktion<\/li>\n<\/ul>\n<h3>Extras<\/h3>\n<p><strong>&#8211; 50 Audio-Samples und einige \u00dcbungs-Videos f\u00fcr die Vertonungs-\u00dcbungen<\/strong><br \/>\n<strong>&#8211; kostenloser Support per Email<\/strong><\/p>\n<h3>Audio-Software<\/h3>\n<p>wir arbeiten in den Tutorials mit der Digital-Audio-Workstation (DAW) REAPER.<br \/>\nDas ist ein professionelles virtuelles Tonstudio das Dank der Entwickler sehr g\u00fcnstig ist.<br \/>\nDu kannst die gezeigten Techniken aber im Grunde auch in jeder anderen Software (DAW) umsetzen.<br \/>\nREAPER ist sehr modern, leistungsf\u00e4hig, professionell, dabei sehr kosteng\u00fcnstig und man kann es kostenlos in vollem Umfang ausgiebig antesten. Es ist meiner Meinung nach eine der besten Digital-Audio-Workstations (DAW) \u00fcberhaupt.<br \/>\nREAPER ist sowohl f\u00fcr Musik als auch f\u00fcr Audio-Postproduktion bestens geeignet und l\u00e4sst sich sehr intuitiv bedienen.<\/p>\n<h3>zu mir:<\/h3>\n<p>ich mache seit 20 Jahren leidenschaftlich Musik und Ton mit Hilfe des Computers und zeige euch in diesem Tutorial wie man das Thema Vertonung meistern kann.<\/p>\n<p>&nbsp;<\/p>\n","protected":false},"excerpt":{"rendered":"<p><strong>dein professioneller Einstieg in Vertonung und Audio-Produktion<\/strong><\/p>\n<ul>\n<li>18 Video-Tutorials &#8211; 4,5 Stunden Laufzeit<\/li>\n<li>kostenlose Hilfe per Email<\/li>\n<li>Extras: 50 Audio-Samples (330 MB)<\/li>\n<li>Videos f\u00fcr die Vertonungs-\u00dcbungen<\/li>\n<li>&nbsp;verwendete Software: <a title=\"Reaper kostenlos downloaden\" href=\"https:\/\/reaper.fm\/download.php\" target=\"_blank\" rel=\"noopener noreferrer\">Reaper<\/a><\/li>\n<\/ul>\n<p>die Tutorials sind f\u00fcr die aktuelle Reaper Version geeignet k\u00f6nnen aber auch in jedem anderen Audioprogramm (DAW) genutzt werden.<br \/>\nDie Videos sind auf jedem Computer abspielbar.<\/p>\n","protected":false},"featured_media":4104,"comment_status":"open","ping_status":"closed","template":"","meta":{"ngg_post_thumbnail":0},"product_cat":[165,166],"product_tag":[],"_links":{"self":[{"href":"https:\/\/blenderhilfe.de\/index.php?rest_route=\/wp\/v2\/product\/2417"}],"collection":[{"href":"https:\/\/blenderhilfe.de\/index.php?rest_route=\/wp\/v2\/product"}],"about":[{"href":"https:\/\/blenderhilfe.de\/index.php?rest_route=\/wp\/v2\/types\/product"}],"replies":[{"embeddable":true,"href":"https:\/\/blenderhilfe.de\/index.php?rest_route=%2Fwp%2Fv2%2Fcomments&post=2417"}],"wp:featuredmedia":[{"embeddable":true,"href":"https:\/\/blenderhilfe.de\/index.php?rest_route=\/wp\/v2\/media\/4104"}],"wp:attachment":[{"href":"https:\/\/blenderhilfe.de\/index.php?rest_route=%2Fwp%2Fv2%2Fmedia&parent=2417"}],"wp:term":[{"taxonomy":"product_cat","embeddable":true,"href":"https:\/\/blenderhilfe.de\/index.php?rest_route=%2Fwp%2Fv2%2Fproduct_cat&post=2417"},{"taxonomy":"product_tag","embeddable":true,"href":"https:\/\/blenderhilfe.de\/index.php?rest_route=%2Fwp%2Fv2%2Fproduct_tag&post=2417"}],"curies":[{"name":"wp","href":"https:\/\/api.w.org\/{rel}","templated":true}]}}