{"id":2443,"date":"2014-08-21T13:02:03","date_gmt":"2014-08-21T12:02:03","guid":{"rendered":"http:\/\/blenderhilfe.de\/?page_id=2443"},"modified":"2020-11-17T05:32:47","modified_gmt":"2020-11-17T04:32:47","slug":"widerruf","status":"publish","type":"page","link":"https:\/\/blenderhilfe.de\/?page_id=2443","title":{"rendered":"Widerruf"},"content":{"rendered":"<h4><strong>Bist du mit etwas unzufrieden oder klappt etwas nicht?<\/strong><\/h4>\n<h4>Schreibe mir bitte eine E-Mail oder ruf mich direkt an, wir finden dann zusammen eine L\u00f6sung.<br \/>\n<strong><a title=\"Kontakt\" href=\"https:\/\/blenderhilfe.de\/?page_id=126\">Kontaktiere mich hier.<\/a> <\/strong>Ich helfe dir gerne weiter .<\/h4>\n<p>Viele Gr\u00fc\u00dfe,<br \/>\nTobi<\/p>\n<p>&nbsp;<\/p>\n","protected":false},"excerpt":{"rendered":"<p>Bist du mit etwas unzufrieden oder klappt etwas nicht? Schreibe mir bitte eine E-Mail oder ruf mich direkt an, wir finden dann zusammen eine L\u00f6sung. Kontaktiere mich hier. Ich helfe dir gerne weiter . Viele Gr\u00fc\u00dfe, Tobi &nbsp;<\/p>\n","protected":false},"author":1,"featured_media":0,"parent":2437,"menu_order":0,"comment_status":"closed","ping_status":"closed","template":"","meta":{"ngg_post_thumbnail":0},"_links":{"self":[{"href":"https:\/\/blenderhilfe.de\/index.php?rest_route=\/wp\/v2\/pages\/2443"}],"collection":[{"href":"https:\/\/blenderhilfe.de\/index.php?rest_route=\/wp\/v2\/pages"}],"about":[{"href":"https:\/\/blenderhilfe.de\/index.php?rest_route=\/wp\/v2\/types\/page"}],"author":[{"embeddable":true,"href":"https:\/\/blenderhilfe.de\/index.php?rest_route=\/wp\/v2\/users\/1"}],"replies":[{"embeddable":true,"href":"https:\/\/blenderhilfe.de\/index.php?rest_route=%2Fwp%2Fv2%2Fcomments&post=2443"}],"version-history":[{"count":0,"href":"https:\/\/blenderhilfe.de\/index.php?rest_route=\/wp\/v2\/pages\/2443\/revisions"}],"up":[{"embeddable":true,"href":"https:\/\/blenderhilfe.de\/index.php?rest_route=\/wp\/v2\/pages\/2437"}],"wp:attachment":[{"href":"https:\/\/blenderhilfe.de\/index.php?rest_route=%2Fwp%2Fv2%2Fmedia&parent=2443"}],"curies":[{"name":"wp","href":"https:\/\/api.w.org\/{rel}","templated":true}]}}