{"id":2442,"date":"2014-08-21T13:01:44","date_gmt":"2014-08-21T12:01:44","guid":{"rendered":"http:\/\/blenderhilfe.de\/?page_id=2442"},"modified":"2020-11-16T02:43:56","modified_gmt":"2020-11-16T01:43:56","slug":"versandkosten","status":"publish","type":"page","link":"https:\/\/blenderhilfe.de\/?page_id=2442","title":{"rendered":"Versandkosten &#038; Lieferung"},"content":{"rendered":"<h2><strong>Wir versenden in alle L\u00e4nder die wir beliefern kostenlos!<br \/>\n<\/strong><\/h2>\n<h3>&nbsp;<\/h3>\n<h3>Lieferung: DVDs \/ USB-Sticks<\/h3>\n<p>Die Lieferung von DVDs\/USB-Sticks innerhalb Deutschland erfolgt innerhalb 2 bis 3 Werktage nach dem Eingang deiner \u00dcberweisung oder Zahlung per Paypal. Ins Ausland kann es ein wenig l\u00e4nger dauern.<br \/>\nIch verschicke DVDs und CDs per Postbrief, du bekommst die Ware also einfach in den Briefkasten geliefert.<br \/>\nIch garantiere eine schnelle Lieferung, einen hilfsbereiten Service\/Support und sehr gute Produkte.<\/p>\n<h3>Lieferung: Downloads<\/h3>\n<p>Nach deiner Bestellung und dem Zahlungseingang wird dein Download-Artikel freigeschalten und du bekommst eine E-Mail mit den Downloadlinks.<\/p>\n<p>Download-Artikel sind sofort verf\u00fcgbar wenn du mit PayPal zahlst.<br \/>\nWenn du per \u00dcberweisung zahlst dauert es ungef\u00e4hr 1 bis 2 Tage bis dein Download freigeschalten wird.<\/p>\n<p><strong>Tipp:<\/strong> PayPal ist der beliebteste und sicherste Online-Bezahl-Service &#8211; mit K\u00e4uferschutz&nbsp;&nbsp; <a title=\"\u00d6ffne PayPal in einem neuen Tab\/Fenster um dich dort als gesch\u00fctzter Privatk\u00e4ufer anzumelden.\" href=\"https:\/\/www.paypal.com\" target=\"_blank\" rel=\"noopener noreferrer\">jetzt kostenlos bei PayPal anmelden<\/a><\/p>\n<p>In jedem Fall informieren wir dich sofort per E-Mail, wenn der Download freigeschaltet wurde.<br \/>\nIn der eMmail findest du auch die Downloadlinks f\u00fcr deine gekauften Produkte.<\/p>\n<p><strong>Beachte beim Downloadvorgang folgendes:<\/strong><\/p>\n<p>Die gr\u00f6\u00dferen Download Produkte sind in mehrere Teile zu je 500 bis 1000 MB aufgeteilt, um einen problemlosen Download zu erm\u00f6glichen.<\/p>\n<p>Wenn du viele Dateien herunter zu laden hast, lade nicht alle gleichzeitig herunter!<br \/>\nImmer 3 auf einmal oder bei schwacher Internetleitung sogar einzeln nacheinander.<\/p>\n<p>Sollte trotzdem mal ein Download abbrechen, ist das kein Problem:<br \/>\nklick im Men\u00fc auf <a title=\"Kontakt\" href=\"https:\/\/blenderhilfe.de\/?page_id=126\" target=\"_blank\" rel=\"noopener noreferrer\">Kontakt<\/a> und sag mir Bescheid damit ich deinen Download nochmal aktivieren kann.<\/p>\n<h3>Im Notfall<\/h3>\n<p>Falls deine Internetleitung den Download einfach nicht schaffen sollte, schicken ich dir das Produkt auch gerne gegen einen kleinen Aufpreis als DVD-Version zu.<\/p>\n<p>Viele Gr\u00fc\u00dfe,<br \/>\nTobi<\/p>\n<p>&nbsp;<\/p>\n<h3>&nbsp;<\/h3>\n","protected":false},"excerpt":{"rendered":"<p>Wir versenden in alle L\u00e4nder die wir beliefern kostenlos! &nbsp; Lieferung: DVDs \/ USB-Sticks Die Lieferung von DVDs\/USB-Sticks innerhalb Deutschland erfolgt innerhalb 2 bis 3 Werktage nach dem Eingang deiner \u00dcberweisung oder Zahlung per Paypal. Ins Ausland kann es ein wenig l\u00e4nger dauern. Ich verschicke DVDs und CDs per Postbrief, du bekommst die Ware also [&hellip;]<\/p>\n","protected":false},"author":1,"featured_media":0,"parent":2437,"menu_order":0,"comment_status":"closed","ping_status":"closed","template":"","meta":{"ngg_post_thumbnail":0},"_links":{"self":[{"href":"https:\/\/blenderhilfe.de\/index.php?rest_route=\/wp\/v2\/pages\/2442"}],"collection":[{"href":"https:\/\/blenderhilfe.de\/index.php?rest_route=\/wp\/v2\/pages"}],"about":[{"href":"https:\/\/blenderhilfe.de\/index.php?rest_route=\/wp\/v2\/types\/page"}],"author":[{"embeddable":true,"href":"https:\/\/blenderhilfe.de\/index.php?rest_route=\/wp\/v2\/users\/1"}],"replies":[{"embeddable":true,"href":"https:\/\/blenderhilfe.de\/index.php?rest_route=%2Fwp%2Fv2%2Fcomments&post=2442"}],"version-history":[{"count":0,"href":"https:\/\/blenderhilfe.de\/index.php?rest_route=\/wp\/v2\/pages\/2442\/revisions"}],"up":[{"embeddable":true,"href":"https:\/\/blenderhilfe.de\/index.php?rest_route=\/wp\/v2\/pages\/2437"}],"wp:attachment":[{"href":"https:\/\/blenderhilfe.de\/index.php?rest_route=%2Fwp%2Fv2%2Fmedia&parent=2442"}],"curies":[{"name":"wp","href":"https:\/\/api.w.org\/{rel}","templated":true}]}}