{"id":2441,"date":"2014-08-21T13:01:35","date_gmt":"2014-08-21T12:01:35","guid":{"rendered":"http:\/\/blenderhilfe.de\/?page_id=2441"},"modified":"2014-09-04T16:25:53","modified_gmt":"2014-09-04T15:25:53","slug":"downloadprodukte","status":"publish","type":"page","link":"https:\/\/blenderhilfe.de\/?page_id=2441","title":{"rendered":"Downloadprodukte"},"content":{"rendered":"<h2>Lieferung der Downloads<\/h2>\n<p>Nach deiner Bestellung und dem Zahlungseingang wird dein Download-Artikel freigeschalten und du bekommst eine Email mit den Downloadlinks.<\/p>\n<p>Download-Artikel sind sofort verf\u00fcgbar wenn du mit PayPal zahlst.<br \/>\nWenn du per \u00dcberweisung zahlst dauert es ungef\u00e4hr 1-2 Tage bis dein Download freigeschalten wird.<\/p>\n<p><strong>Tipp:<\/strong> PayPal ist der beliebteste und sicherste Online-Bezahl-Service &#8211; mit K\u00e4uferschutz\u00a0\u00a0 <a title=\"\u00d6ffne PayPal in einem neuen Tab\/Fenster um dich dort als gesch\u00fctzter Privatk\u00e4ufer anzumelden.\" href=\"https:\/\/www.paypal.com\" target=\"_blank\">jetzt kostenlos bei PayPal anmelden<\/a><\/p>\n<p>In jedem Fall informieren wir dich sofort per Email, wenn der Download freigeschaltet wurde.<br \/>\nIn der Email findest du auch die Downloadlinks f\u00fcr deine gekauften Produkte.<\/p>\n<h2>Beachte beim Downloadvorgang folgendes<\/h2>\n<p>Die gr\u00f6sseren Download-Produkte sind in mehrere Teile zu je 1 GB aufgeteilt, um einen problemlosen Download zu erm\u00f6glichen.<\/p>\n<p>Wenn du viele Dateien herunter zu laden hast, lade nicht alle gleichzeitig herunter! Das wird warscheinlich zu Fehlern bim Download f\u00fchren.<br \/>\nAm besten du l\u00e4dst die Dateien einzeln nacheinander herunter um das zu vermeiden.<\/p>\n<p>Sollte trotzdem mal ein Download abbrechen, ist das kein Problem:<br \/>\nklick im Men\u00fc auf <a title=\"Kontakt\" href=\"https:\/\/blenderhilfe.de\/?page_id=126\" target=\"_blank\">Kontakt<\/a> und sag mir Bescheid damit ich deinen Download nochmal aktivieren kann.<\/p>\n<h2>Geschwindigkeit<\/h2>\n<p>Die Geschwindigkeit des Downloads h\u00e4ngt von der Geschwindigkeit deines Internetzugangs ab.<br \/>\nMit einem DSL 6000 Anschluss braucht man beispielsweise 24 Minuten f\u00fcr 1 GB\u00a0 (1000 MB).<\/p>\n<h2>Im Notfall<\/h2>\n<p>Falls deine Internetleitung den Download einfach nicht schaffen sollte, schicken wir dir das Produkt auch gerne kostenlos als DVD-Version zu.<\/p>\n<p><strong>Viele Gr\u00fcsse,<\/strong><br \/>\n<strong> Tobi<\/strong><\/p>\n","protected":false},"excerpt":{"rendered":"<p>Lieferung der Downloads Nach deiner Bestellung und dem Zahlungseingang wird dein Download-Artikel freigeschalten und du bekommst eine Email mit den Downloadlinks. Download-Artikel sind sofort verf\u00fcgbar wenn du mit PayPal zahlst. Wenn du per \u00dcberweisung zahlst dauert es ungef\u00e4hr 1-2 Tage bis dein Download freigeschalten wird. Tipp: PayPal ist der beliebteste und sicherste Online-Bezahl-Service &#8211; mit [&hellip;]<\/p>\n","protected":false},"author":1,"featured_media":0,"parent":2437,"menu_order":0,"comment_status":"closed","ping_status":"closed","template":"","meta":{"ngg_post_thumbnail":0},"_links":{"self":[{"href":"https:\/\/blenderhilfe.de\/index.php?rest_route=\/wp\/v2\/pages\/2441"}],"collection":[{"href":"https:\/\/blenderhilfe.de\/index.php?rest_route=\/wp\/v2\/pages"}],"about":[{"href":"https:\/\/blenderhilfe.de\/index.php?rest_route=\/wp\/v2\/types\/page"}],"author":[{"embeddable":true,"href":"https:\/\/blenderhilfe.de\/index.php?rest_route=\/wp\/v2\/users\/1"}],"replies":[{"embeddable":true,"href":"https:\/\/blenderhilfe.de\/index.php?rest_route=%2Fwp%2Fv2%2Fcomments&post=2441"}],"version-history":[{"count":0,"href":"https:\/\/blenderhilfe.de\/index.php?rest_route=\/wp\/v2\/pages\/2441\/revisions"}],"up":[{"embeddable":true,"href":"https:\/\/blenderhilfe.de\/index.php?rest_route=\/wp\/v2\/pages\/2437"}],"wp:attachment":[{"href":"https:\/\/blenderhilfe.de\/index.php?rest_route=%2Fwp%2Fv2%2Fmedia&parent=2441"}],"curies":[{"name":"wp","href":"https:\/\/api.w.org\/{rel}","templated":true}]}}