{"id":2440,"date":"2014-08-21T13:01:16","date_gmt":"2014-08-21T12:01:16","guid":{"rendered":"http:\/\/blenderhilfe.de\/?page_id=2440"},"modified":"2020-11-15T02:42:58","modified_gmt":"2020-11-15T01:42:58","slug":"bestellvorgang-zahlung","status":"publish","type":"page","link":"https:\/\/blenderhilfe.de\/?page_id=2440","title":{"rendered":"Bestellvorgang &#038; Zahlung"},"content":{"rendered":"<h2><span style=\"color: #008000;\"><em><strong>wie l\u00e4uft der Bestellvorgang ab?<\/strong><\/em><\/span><\/h2>\n<hr>\n<h2>1. Produkt ausw\u00e4hlen<\/h2>\n<p>Klicke im <a title=\"Shop\" href=\"https:\/\/blenderhilfe.de\/?page_id=2366\" target=\"_blank\" rel=\"noopener noreferrer\">Shop<\/a> auf ein Produkt um zur Produktseite zu kommen.<\/p>\n<hr>\n<h2>2. Option w\u00e4hlen<\/h2>\n<p>bei den meisten Produkten gibt es die Auswahl zwischen 2 Optionen<br \/>\n<strong>&#8222;DVD-Version&#8220;<\/strong> oder <strong>&#8222;Download-Version&#8220;<\/strong>.<\/p>\n<p>W\u00e4hle eine Option.<\/p>\n<p>klicke dann auf <strong>&#8222;in den Warenkorb&#8220;<\/strong> um das Produkt in deinen Warenkorb zu legen.<\/p>\n<p>Tipps:<br \/>\n&#8211; der Inhalt der DVD und des Downloads sind genau gleich.<br \/>\n&#8211; bei Zahlung mit Paypal wird der Download sofort freigeschalten, du bekommst die Download-Links sofort per Email.<\/p>\n<hr>\n<h2>3. Warenkorb<\/h2>\n<p>pr\u00fcfe die Produkte im Warenkorb oder f\u00fcge weitere hinzu.<br \/>\nKlicke dann auf <strong>Weiter zur Kasse<\/strong><\/p>\n<hr>\n<h2>4. Kasse<\/h2>\n<p>Trage deine Adresse und Kontaktdaten ein und w\u00e4hle eine Zahlungsart.<br \/>\nDie Zahlung ist per \u00dcberweisung, PayPal oder Scheck m\u00f6glich.<\/p>\n<p>Die eingegebenen Daten werden nur zur Abwicklung deiner Bestellung genutzt und niemals an Dritte weitergegeben.<br \/>\nDie komplette Verbindung ist verschl\u00fcsselt, so das niemand die Daten abgreifen kann.<\/p>\n<p>Pr\u00fcfe alle eingegeben Daten &#8211; achte besonders auf die Emailadresse die du eingetragen hast.<br \/>\nklicke dann auf <strong>Bestellung abschicken<\/strong>.<\/p>\n<hr>\n<h2>5. Bestellung wurde abgeschickt<\/h2>\n<p><strong>Bei Zahlung mit Paypal:<\/strong><br \/>\ndu wirst auf die Paypal-Website geleitet, wo du sofort bezahlen kannst.<\/p>\n<p><strong>Bei Zahlung per \u00dcberweisung:<\/strong><br \/>\nNach deiner Bestellung bekommst du sofort eine Bestellbest\u00e4tigung per Email.<br \/>\nDort findest du die Bankdaten f\u00fcr die \u00dcberweisung.<br \/>\nFalls du die Email nicht bekommen hast, schau in deinen Spam-Ordner.<br \/>\nWenn du sie dort nicht findest <a title=\"Kontakt\" href=\"https:\/\/blenderhilfe.de\/?page_id=126\" target=\"_blank\" rel=\"noopener noreferrer\">schreib mir hier eine Nachricht<\/a>.<\/p>\n<hr>\n<h2>6. Lieferung<\/h2>\n<h2><em>Downloads<\/em><\/h2>\n<p>Download-Artikel sind sofort verf\u00fcgbar wenn du mit PayPal zahlst.<br \/>\nWenn du per \u00dcberweisung zahlst dauert es ungef\u00e4hr 1 bis 3 Tage bis dein Download freigeschalten wird.<br \/>\nIn jedem Fall informieren wir dich sofort per E-Mail, wenn der Download freigeschaltet wurde.<br \/>\nIn der Email findest du auch die <strong>Downloadlinks<\/strong> f\u00fcr deine gekauften Produkte.<\/p>\n<p>Die Geschwindigkeit des Downloadsh\u00e4ngt von der Geschwindigkeit deines Internetzugangs ab.<br \/>\nMit einem DSL 6000 Anschluss braucht man beispielsweise 24 Minuten f\u00fcr 1 GB&nbsp; (1000 MB).<\/p>\n<p>Die Download Produkte sind meist in mehrere Teile zu je max 1 GB aufgeteilt, um einen problemlosen Download zu erm\u00f6glichen.<br \/>\n<strong>Tipp:<\/strong> wenn du viele Dateien herunter zu laden hast, lade nicht alle gleichzeitig herunter!<br \/>\nSollte trotzdem mal ein Download abbrechen, ist das kein Problem: versuche einfach einen erneuten Download.<br \/>\nFalls du eine Meldung bekommst das du zu oft heruntergeladen hast, klick im Men\u00fc auf <a title=\"Kontakt\" href=\"https:\/\/blenderhilfe.de\/?page_id=126\" target=\"_blank\" rel=\"noopener noreferrer\">Kontakt<\/a> und sag mir Bescheid damit ich deinen Download nochmal aktivieren kann.<\/p>\n<h2><em>DVD \/ USB-Stick<\/em><\/h2>\n<p>Die Lieferung von DVDs\/USB-Sticks innerhalb Deutschland erfolgt innerhalb 2 bis 3 Werktage nach dem Eingang deiner \u00dcberweisung oder Zahlung per Paypal.<br \/>\nIch verschicke generell per Postbrief, du bekommst die Ware also einfach in den Briefkasten geliefert.<br \/>\nIch garantiere eine schnelle Lieferung, einen hilfsbereiten Service\/Support und sehr gute Produkte.<\/p>\n<hr>\n<h2><span style=\"color: #008000;\">Fragen?<\/span><\/h2>\n<h3>bei jeglichen Fragen kannst du mir jederzeit gerne<strong> <a title=\"Kontakt\" href=\"https:\/\/blenderhilfe.de\/?page_id=126\">hier schreiben<\/a><\/strong><\/h3>\n<p>Viele Gr\u00fc\u00dfe!<br \/>\nTobi<\/p>\n","protected":false},"excerpt":{"rendered":"<p>wie l\u00e4uft der Bestellvorgang ab? 1. Produkt ausw\u00e4hlen Klicke im Shop auf ein Produkt um zur Produktseite zu kommen. 2. Option w\u00e4hlen bei den meisten Produkten gibt es die Auswahl zwischen 2 Optionen &#8222;DVD-Version&#8220; oder &#8222;Download-Version&#8220;. W\u00e4hle eine Option. klicke dann auf &#8222;in den Warenkorb&#8220; um das Produkt in deinen Warenkorb zu legen. Tipps: &#8211; [&hellip;]<\/p>\n","protected":false},"author":1,"featured_media":0,"parent":2437,"menu_order":0,"comment_status":"closed","ping_status":"closed","template":"","meta":{"ngg_post_thumbnail":0},"_links":{"self":[{"href":"https:\/\/blenderhilfe.de\/index.php?rest_route=\/wp\/v2\/pages\/2440"}],"collection":[{"href":"https:\/\/blenderhilfe.de\/index.php?rest_route=\/wp\/v2\/pages"}],"about":[{"href":"https:\/\/blenderhilfe.de\/index.php?rest_route=\/wp\/v2\/types\/page"}],"author":[{"embeddable":true,"href":"https:\/\/blenderhilfe.de\/index.php?rest_route=\/wp\/v2\/users\/1"}],"replies":[{"embeddable":true,"href":"https:\/\/blenderhilfe.de\/index.php?rest_route=%2Fwp%2Fv2%2Fcomments&post=2440"}],"version-history":[{"count":0,"href":"https:\/\/blenderhilfe.de\/index.php?rest_route=\/wp\/v2\/pages\/2440\/revisions"}],"up":[{"embeddable":true,"href":"https:\/\/blenderhilfe.de\/index.php?rest_route=\/wp\/v2\/pages\/2437"}],"wp:attachment":[{"href":"https:\/\/blenderhilfe.de\/index.php?rest_route=%2Fwp%2Fv2%2Fmedia&parent=2440"}],"curies":[{"name":"wp","href":"https:\/\/api.w.org\/{rel}","templated":true}]}}